{"id":793,"date":"2016-02-17T13:42:08","date_gmt":"2016-02-17T13:42:08","guid":{"rendered":"https:\/\/sit-sanitaertechnik.de\/welcome\/"},"modified":"2021-03-08T10:00:51","modified_gmt":"2021-03-08T09:00:51","slug":"welcome","status":"publish","type":"page","link":"https:\/\/sit-sanitaertechnik.de\/fr\/welcome\/","title":{"rendered":"Page d&#8217;accueil"},"content":{"rendered":"<div id='layer_slider_1'  class='avia-layerslider main_color avia-shadow  avia-builder-el-0  el_before_av_section  avia-builder-el-first  container_wrap fullsize'  style='height: 601px; max-width: 1920px; margin: 0 auto;'  ><\/div>\n\n<style type=\"text\/css\" data-created_by=\"avia_inline_auto\" id=\"style-css-av-jt792-b877cad8613bb1cfd0e3dfebe413ac02\">\n.avia-section.av-jt792-b877cad8613bb1cfd0e3dfebe413ac02{\nbackground-color:#003d8f;\nbackground-image:unset;\n}\n<\/style>\n<div id='av_section_1'  class='avia-section av-jt792-b877cad8613bb1cfd0e3dfebe413ac02 main_color avia-section-large avia-no-border-styling  avia-builder-el-1  el_after_av_layerslider  el_before_av_section  avia-bg-style-scroll container_wrap fullsize'  ><div class='container av-section-cont-open' ><div class='template-page content  av-content-full alpha units'><div class='post-entry post-entry-type-page post-entry-793'><div class='entry-content-wrapper clearfix'>\n\n<style type=\"text\/css\" data-created_by=\"avia_inline_auto\" id=\"style-css-av-62gm-024b5cd686f4855ef5d04cd654d9ea7e\">\n.flex_column.av-62gm-024b5cd686f4855ef5d04cd654d9ea7e{\nborder-radius:0px 0px 0px 0px;\npadding:0px 0px 0px 0px;\n}\n<\/style>\n<div  class='flex_column av-62gm-024b5cd686f4855ef5d04cd654d9ea7e av_one_full  avia-builder-el-2  avia-builder-el-no-sibling  first flex_column_div av-zero-column-padding  '     ><style type=\"text\/css\" data-created_by=\"avia_inline_auto\" id=\"style-css-av-kazg3v1c-e34254dd9b3525676b5c5c3db3e059af\">\n#top .av-special-heading.av-kazg3v1c-e34254dd9b3525676b5c5c3db3e059af{\npadding-bottom:0;\ncolor:#ffffff;\nfont-size:36px;\n}\nbody .av-special-heading.av-kazg3v1c-e34254dd9b3525676b5c5c3db3e059af .av-special-heading-tag .heading-char{\nfont-size:25px;\n}\n#top #wrap_all .av-special-heading.av-kazg3v1c-e34254dd9b3525676b5c5c3db3e059af .av-special-heading-tag{\nfont-size:36px;\n}\n.av-special-heading.av-kazg3v1c-e34254dd9b3525676b5c5c3db3e059af .special-heading-inner-border{\nborder-color:#ffffff;\n}\n.av-special-heading.av-kazg3v1c-e34254dd9b3525676b5c5c3db3e059af .av-subheading{\nfont-size:15px;\n}\n\n@media only screen and (min-width: 480px) and (max-width: 767px){ \n#top #wrap_all .av-special-heading.av-kazg3v1c-e34254dd9b3525676b5c5c3db3e059af .av-special-heading-tag{\nfont-size:0.8em;\n}\n}\n\n@media only screen and (max-width: 479px){ \n#top #wrap_all .av-special-heading.av-kazg3v1c-e34254dd9b3525676b5c5c3db3e059af .av-special-heading-tag{\nfont-size:0.8em;\n}\n}\n<\/style>\n<div  class='av-special-heading av-kazg3v1c-e34254dd9b3525676b5c5c3db3e059af av-special-heading-h1 custom-color-heading blockquote modern-quote  avia-builder-el-3  avia-builder-el-no-sibling  av-inherit-size'><h1 class='av-special-heading-tag '  itemprop=\"headline\"  >Sp\u00e9cialiste des \u00e9viers et des chauffe-eau \u00e9lectriques ainsi que des technologies sanitaires de haute qualit\u00e9.<\/h1><div class=\"special-heading-border\"><div class=\"special-heading-inner-border\"><\/div><\/div><\/div><\/div>\n\n<\/div><\/div><\/div><!-- close content main div --><\/div><\/div><div id='av_section_2'  class='avia-section av-awtvcm-92e4a5481fb6403038cc31ea16c80571 main_color avia-section-large avia-no-border-styling  avia-builder-el-4  el_after_av_section  el_before_av_section  avia-bg-style-scroll container_wrap fullsize'  ><div class='container av-section-cont-open' ><div class='template-page content  av-content-full alpha units'><div class='post-entry post-entry-type-page post-entry-793'><div class='entry-content-wrapper clearfix'>\n\n<style type=\"text\/css\" data-created_by=\"avia_inline_auto\" id=\"style-css-av-aj8e7i-d297d3bb96ec478ff55eed701bad29d1\">\n.flex_column.av-aj8e7i-d297d3bb96ec478ff55eed701bad29d1{\nborder-radius:0px 0px 0px 0px;\npadding:0px 0px 0px 0px;\n}\n<\/style>\n<div  class='flex_column av-aj8e7i-d297d3bb96ec478ff55eed701bad29d1 av_one_half  avia-builder-el-5  el_before_av_one_half  avia-builder-el-first  first flex_column_div av-zero-column-padding  '     ><style type=\"text\/css\" data-created_by=\"avia_inline_auto\" id=\"style-css-av-aa9fny-af633b84b70fa4ba3d8e8cfd8fa1818c\">\n.iconbox.av-aa9fny-af633b84b70fa4ba3d8e8cfd8fa1818c .iconbox_icon{\nbackground-color:#f8f8f8;\nborder:1px solid #f8f8f8;\ncolor:#003d8f;\n}\n.iconbox.av-aa9fny-af633b84b70fa4ba3d8e8cfd8fa1818c .iconbox_icon.avia-svg-icon svg:first-child{\nfill:#003d8f;\nstroke:#003d8f;\n}\n<\/style>\n<article  class='iconbox iconbox_top av-aa9fny-af633b84b70fa4ba3d8e8cfd8fa1818c av-no-box  avia-builder-el-6  avia-builder-el-no-sibling '  itemscope=\"itemscope\" itemtype=\"https:\/\/schema.org\/CreativeWork\" ><div class=\"iconbox_content\"><header class=\"entry-content-header\" aria-label=\"Ic\u00f4ne : Entreprise\"><a href='https:\/\/sit-sanitaertechnik.de\/unternehmen\/?lang=fr' title='Entreprise' aria-label='Entreprise'  class='iconbox_icon heading-color avia-iconfont avia-font-entypo-fontello' data-av_icon='\ue80b' data-av_iconfont='entypo-fontello' title=\"Entreprise\" desc=\"Entreprise\" ><\/a><h3 class='iconbox_content_title '  itemprop=\"headline\" ><a href='https:\/\/sit-sanitaertechnik.de\/unternehmen\/?lang=fr' title='Entreprise' >Entreprise<\/a><\/h3><\/header><div class='iconbox_content_container '  itemprop=\"text\" ><p>Vous souhaitez en savoir plus sur notre entreprise et les raisons de nous faire confiance? Vous \u00eates au bon endroit.<\/p>\n<\/div><\/div><footer class=\"entry-footer\"><\/footer><\/article><\/div>\n<style type=\"text\/css\" data-created_by=\"avia_inline_auto\" id=\"style-css-av-9t0no6-9eb886b2ce43786c29ff5bdba8384e35\">\n.flex_column.av-9t0no6-9eb886b2ce43786c29ff5bdba8384e35{\nborder-radius:0px 0px 0px 0px;\npadding:0px 0px 0px 0px;\n}\n<\/style>\n<div  class='flex_column av-9t0no6-9eb886b2ce43786c29ff5bdba8384e35 av_one_half  avia-builder-el-7  el_after_av_one_half  avia-builder-el-last  flex_column_div av-zero-column-padding  '     ><style type=\"text\/css\" data-created_by=\"avia_inline_auto\" id=\"style-css-av-9qa2ae-f6476f1dbac7245504ad83eff60a2510\">\n.iconbox.av-9qa2ae-f6476f1dbac7245504ad83eff60a2510 .iconbox_icon{\nbackground-color:#f8f8f8;\nborder:1px solid #f8f8f8;\ncolor:#003d8f;\n}\n.iconbox.av-9qa2ae-f6476f1dbac7245504ad83eff60a2510 .iconbox_icon.avia-svg-icon svg:first-child{\nfill:#003d8f;\nstroke:#003d8f;\n}\n<\/style>\n<article  class='iconbox iconbox_top av-9qa2ae-f6476f1dbac7245504ad83eff60a2510 av-no-box  avia-builder-el-8  avia-builder-el-no-sibling '  itemscope=\"itemscope\" itemtype=\"https:\/\/schema.org\/CreativeWork\" ><div class=\"iconbox_content\"><header class=\"entry-content-header\" aria-label=\"Ic\u00f4ne : T\u00e9l\u00e9chargements\"><a href='https:\/\/sit-sanitaertechnik.de\/downloads\/?lang=fr' title='T\u00e9l\u00e9chargements' aria-label='T\u00e9l\u00e9chargements'  class='iconbox_icon heading-color avia-iconfont avia-font-entypo-fontello' data-av_icon='\ue82d' data-av_iconfont='entypo-fontello' title=\"T\u00e9l\u00e9chargements\" desc=\"T\u00e9l\u00e9chargements\" ><\/a><h3 class='iconbox_content_title '  itemprop=\"headline\" ><a href='https:\/\/sit-sanitaertechnik.de\/downloads\/?lang=fr' title='T\u00e9l\u00e9chargements' >T\u00e9l\u00e9chargements<\/a><\/h3><\/header><div class='iconbox_content_container '  itemprop=\"text\" ><p>Avez-vous besoin de donn\u00e9es et d\u2019informations sur nos produits? Vous pouvez t\u00e9l\u00e9charger nos fiches produits ici.<\/p>\n<\/div><\/div><footer class=\"entry-footer\"><\/footer><\/article><\/div>\n\n<\/div><\/div><\/div><!-- close content main div --><\/div><\/div>\n<style type=\"text\/css\" data-created_by=\"avia_inline_auto\" id=\"style-css-av-awtvcm-7f6ab122c121e36697f09912ef513fdf\">\n.avia-section.av-awtvcm-7f6ab122c121e36697f09912ef513fdf{\nbackground-color:#ffffff;\nbackground-image:unset;\n}\n<\/style>\n<div id='av_section_3'  class='avia-section av-awtvcm-7f6ab122c121e36697f09912ef513fdf main_color avia-section-large avia-no-border-styling  avia-builder-el-9  el_after_av_section  avia-builder-el-last  avia-bg-style-scroll container_wrap fullsize'  ><div class='container av-section-cont-open' ><div class='template-page content  av-content-full alpha units'><div class='post-entry post-entry-type-page post-entry-793'><div class='entry-content-wrapper clearfix'>\n\n<style type=\"text\/css\" data-created_by=\"avia_inline_auto\" id=\"style-css-av-e9ts6-df77c7860e3d79cdf19b03c2c2b2766a\">\n.flex_column.av-e9ts6-df77c7860e3d79cdf19b03c2c2b2766a{\nborder-radius:0px 0px 0px 0px;\npadding:0px 0px 0px 0px;\n}\n<\/style>\n<div  class='flex_column av-e9ts6-df77c7860e3d79cdf19b03c2c2b2766a av_two_third  avia-builder-el-10  el_before_av_one_third  avia-builder-el-first  first flex_column_div av-zero-column-padding  '     ><p>\n<style type=\"text\/css\" data-created_by=\"avia_inline_auto\" id=\"style-css-av-bi3i6-69e5f83e11a6200c141a6cd3c5295c16\">\n#top .av-special-heading.av-bi3i6-69e5f83e11a6200c141a6cd3c5295c16{\npadding-bottom:10px;\n}\nbody .av-special-heading.av-bi3i6-69e5f83e11a6200c141a6cd3c5295c16 .av-special-heading-tag .heading-char{\nfont-size:25px;\n}\n.av-special-heading.av-bi3i6-69e5f83e11a6200c141a6cd3c5295c16 .av-subheading{\nfont-size:15px;\n}\n<\/style>\n<div  class='av-special-heading av-bi3i6-69e5f83e11a6200c141a6cd3c5295c16 av-special-heading-h2 blockquote modern-quote  avia-builder-el-11  el_before_av_textblock  avia-builder-el-first '><h2 class='av-special-heading-tag '  itemprop=\"headline\"  >S.I.T.  Technique sanitaire &#8211; Mon expert rempla\u00e7ant<\/h2><div class=\"special-heading-border\"><div class=\"special-heading-inner-border\"><\/div><\/div><\/div><br \/>\n<section  class='av_textblock_section av-jhbt4q5i-2e0c2e797d1ee34a92cfa98f8eba4334 '   itemscope=\"itemscope\" itemtype=\"https:\/\/schema.org\/CreativeWork\" ><div class='avia_textblock'  itemprop=\"text\" ><h3>Evier<\/h3>\n<p>En tant que sp\u00e9cialiste des \u00e9viers, nous vous proposons une gamme dans diff\u00e9rents mat\u00e9riaux. Eviers en acier \u00e9maill\u00e9, en acier inoxydable et en plastique &#8211; <strong>tout d&#8217;une seule source<\/strong> !<\/p>\n<h3>Chauffe-eau \u00e9lectriques Wahlbach<\/h3>\n<p>Notre gamme de produits comprend des chauffe-eau \u00e9lectroniques pour la fourniture d\u00e9centralis\u00e9e d&#8217;eau chaude, en particulier dans les immeubles d&#8217;habitation. Nous nous distinguons ici des fabricants de marques \u00e9tablies par des caract\u00e9ristiques de produits particuli\u00e8res.\u00a0 Nous vendons ces produits en Allemagne sous <strong>la marque Wahlbach.<\/strong><\/p>\n<h3>Si\u00e8ges de WC et citernes<\/h3>\n<p>Vous souhaitez remplacer votre si\u00e8ge de WC ou votre citerne en surface ? Vous cherchez le bon si\u00e8ge de WC pour votre <strong>c\u00e9ramique de salle de bains<\/strong> existante ou un nouveau r\u00e9servoir de <strong>chasse en surface<\/strong> ?<\/p>\n<p>Nous avons la solution. S.I.T. Sanit\u00e4rtechnik, votre sp\u00e9cialiste des si\u00e8ges de WC en Duroplast et Thermoplast durables ainsi que des r\u00e9servoirs de chasse en surface au design moderne.<\/p>\n<\/div><\/section><br \/>\n\n<style type=\"text\/css\" data-created_by=\"avia_inline_auto\" id=\"style-css-av-jhbtdx2c-d131d1eb824b09ec95d9fa67d7b8300a\">\n#top .hr.hr-invisible.av-jhbtdx2c-d131d1eb824b09ec95d9fa67d7b8300a{\nheight:30px;\n}\n<\/style>\n<div  class='hr av-jhbtdx2c-d131d1eb824b09ec95d9fa67d7b8300a hr-invisible  avia-builder-el-13  el_after_av_textblock  el_before_av_button '><span class='hr-inner '><span class=\"hr-inner-style\"><\/span><\/span><\/div><br \/>\n<div  class='avia-button-wrap av-jhbtdc72-e11ba202cf7f200177c299b75e6a8eac-wrap avia-button-center  avia-builder-el-14  el_after_av_hr  avia-builder-el-last '><a href='https:\/\/sit-sanitaertechnik.de\/downloads\/?lang=fr'  class='avia-button av-jhbtdc72-e11ba202cf7f200177c299b75e6a8eac av-link-btn avia-icon_select-no avia-size-large avia-position-center avia-color-theme-color-subtle'   aria-label=\"aller aux t\u00e9l\u00e9chargements\"><span class='avia_iconbox_title' >aller aux t\u00e9l\u00e9chargements<\/span><\/a><\/div><\/p><\/div>\n<style type=\"text\/css\" data-created_by=\"avia_inline_auto\" id=\"style-css-av-91k06-810a07d2325970bfc50b27d784910815\">\n.flex_column.av-91k06-810a07d2325970bfc50b27d784910815{\nborder-radius:0px 0px 0px 0px;\npadding:0px 0px 0px 0px;\n}\n<\/style>\n<div  class='flex_column av-91k06-810a07d2325970bfc50b27d784910815 av_one_third  avia-builder-el-15  el_after_av_two_third  avia-builder-el-last  flex_column_div av-zero-column-padding  '     ><style type=\"text\/css\" data-created_by=\"avia_inline_auto\" id=\"style-css-av-jhbt8tre-37752507cdae90e015a8ca54a176cc27\">\n.avia-image-container.av-jhbt8tre-37752507cdae90e015a8ca54a176cc27 img.avia_image{\nbox-shadow:none;\n}\n.avia-image-container.av-jhbt8tre-37752507cdae90e015a8ca54a176cc27 .av-image-caption-overlay-center{\ncolor:#ffffff;\n}\n<\/style>\n<div  class='avia-image-container av-jhbt8tre-37752507cdae90e015a8ca54a176cc27 av-styling- avia-align-center  avia-builder-el-16  avia-builder-el-no-sibling '   itemprop=\"image\" itemscope=\"itemscope\" itemtype=\"https:\/\/schema.org\/ImageObject\" ><div class=\"avia-image-container-inner\"><div class=\"avia-image-overlay-wrap\"><img decoding=\"async\" fetchpriority=\"high\" class='wp-image-798 avia-img-lazy-loading-not-798 avia_image ' src=\"https:\/\/sit-sanitaertechnik.de\/wp-content\/uploads\/sit_05.jpg\" alt='' title='sit_05'  height=\"640\" width=\"480\"  itemprop=\"thumbnailUrl\" srcset=\"https:\/\/sit-sanitaertechnik.de\/wp-content\/uploads\/sit_05.jpg 480w, https:\/\/sit-sanitaertechnik.de\/wp-content\/uploads\/sit_05-450x600.jpg 450w\" sizes=\"(max-width: 480px) 100vw, 480px\" \/><\/div><\/div><\/div><\/div>\n","protected":false},"excerpt":{"rendered":"","protected":false},"author":2,"featured_media":0,"parent":0,"menu_order":0,"comment_status":"closed","ping_status":"closed","template":"","meta":{"footnotes":""},"class_list":["post-793","page","type-page","status-publish","hentry"],"_links":{"self":[{"href":"https:\/\/sit-sanitaertechnik.de\/fr\/wp-json\/wp\/v2\/pages\/793","targetHints":{"allow":["GET"]}}],"collection":[{"href":"https:\/\/sit-sanitaertechnik.de\/fr\/wp-json\/wp\/v2\/pages"}],"about":[{"href":"https:\/\/sit-sanitaertechnik.de\/fr\/wp-json\/wp\/v2\/types\/page"}],"author":[{"embeddable":true,"href":"https:\/\/sit-sanitaertechnik.de\/fr\/wp-json\/wp\/v2\/users\/2"}],"replies":[{"embeddable":true,"href":"https:\/\/sit-sanitaertechnik.de\/fr\/wp-json\/wp\/v2\/comments?post=793"}],"version-history":[{"count":0,"href":"https:\/\/sit-sanitaertechnik.de\/fr\/wp-json\/wp\/v2\/pages\/793\/revisions"}],"wp:attachment":[{"href":"https:\/\/sit-sanitaertechnik.de\/fr\/wp-json\/wp\/v2\/media?parent=793"}],"curies":[{"name":"wp","href":"https:\/\/api.w.org\/{rel}","templated":true}]}}